{"id":46,"date":"2017-12-11T10:35:33","date_gmt":"2017-12-11T10:35:33","guid":{"rendered":"http:\/\/natureplus-institute.eu\/cms\/?page_id=46"},"modified":"2022-09-29T13:06:01","modified_gmt":"2022-09-29T13:06:01","slug":"vergabekriterien","status":"publish","type":"page","link":"https:\/\/natureplus-institute.eu\/?page_id=46","title":{"rendered":"Vergabekriterien"},"content":{"rendered":"<p><\/p>\n<div id=\"c234\" class=\"csc-frame csc-frame-default\">\n<div id=\"c234\" class=\"frame frame-default frame-type-html frame-layout-0\">\n<p>Die Kriterien und Anforderungen f\u00fcr die Vergabe des natureplus\u00ae-Umweltzeichens sind in den folgenden Vergaberichtlinien niedergelegt. Sie finden alle geltenden Zertifizierungskriterien in der unten stehenden Navigation.<\/p>\n<p>Jedes Bauprodukt mit dem natureplus\u00ae-Umweltzeichen muss die Anforderungen der Grundlagenrichtlinien (GL 5000 ff.) sowie die jeweilige produktspezifische Richtlinie erf\u00fcllen. Bei Produkten bestehend aus mehreren Systemkomponenten, z.B. W\u00e4rmed\u00e4mm-verbundsysteme, sowie bei Bauteilen\/ Bauelementen (RL 2000 ff.) gelten zus\u00e4tzlich die im Produkt-Kriterium genannten Anforderungen an die Einzelkomponenten.<\/p>\n<p>Wenn Sie als Hersteller von Bauprodukten eine natureplus-Vergaberichtlinie f\u00fcr Ihre speziellen Produkte nicht finden, dann k\u00f6nnen Sie sich bei der natureplus-Gesch\u00e4ftsstelle erkundigen, ob eine solche Richtlinie derzeit in Arbeit oder in Planung ist. Als Mitglied des natureplus-Verbandes haben Sie das Recht, an der Erstellung der Sie betreffenden Vergaberichtlinien aktiv mitzuwirken.<\/p>\n<\/div>\n<\/div>\n<p>&nbsp;<\/p>\n<p><script type=\"text\/javascript\" src=\"\/\/nplusr.ampad-app.de\/static\/frontend\/js\/iframeResizer.min.js\"><\/script><\/p>\n<style>#nplusr-iframe-de{width: 1px;min-width: 100%;}<\/style>\n<p><iframe id=\"nplusr-iframe-de\" src=\"\/\/nplusr.ampad-app.de\/iframe\/de\/\" frameborder=\"0\" scrolling=\"no\" onload=\"iFrameResize({}, '#nplusr-iframe-de')\"><\/iframe><\/p>\n<div style=\"position: static !important;\"><\/div>\n<p><\/p>","protected":false},"excerpt":{"rendered":"<p>Die Kriterien und Anforderungen f\u00fcr die Vergabe des natureplus\u00ae-Umweltzeichens sind in den folgenden Vergaberichtlinien niedergelegt. Sie finden alle geltenden Zertifizierungskriterien in der unten stehenden Navigation. Jedes Bauprodukt mit dem natureplus\u00ae-Umweltzeichen muss die Anforderungen der Grundlagenrichtlinien (GL 5000 ff.) sowie die jeweilige produktspezifische Richtlinie erf\u00fcllen. Bei Produkten bestehend aus mehreren Systemkomponenten, z.B. W\u00e4rmed\u00e4mm-verbundsysteme, sowie bei Bauteilen\/ Bauelementen (RL 2000 ff.) gelten<\/p>\n","protected":false},"author":1,"featured_media":0,"parent":0,"menu_order":0,"comment_status":"closed","ping_status":"closed","template":"","meta":{"footnotes":""},"class_list":["post-46","page","type-page","status-publish","hentry"],"_links":{"self":[{"href":"https:\/\/natureplus-institute.eu\/index.php?rest_route=\/wp\/v2\/pages\/46","targetHints":{"allow":["GET"]}}],"collection":[{"href":"https:\/\/natureplus-institute.eu\/index.php?rest_route=\/wp\/v2\/pages"}],"about":[{"href":"https:\/\/natureplus-institute.eu\/index.php?rest_route=\/wp\/v2\/types\/page"}],"author":[{"embeddable":true,"href":"https:\/\/natureplus-institute.eu\/index.php?rest_route=\/wp\/v2\/users\/1"}],"replies":[{"embeddable":true,"href":"https:\/\/natureplus-institute.eu\/index.php?rest_route=%2Fwp%2Fv2%2Fcomments&post=46"}],"version-history":[{"count":18,"href":"https:\/\/natureplus-institute.eu\/index.php?rest_route=\/wp\/v2\/pages\/46\/revisions"}],"predecessor-version":[{"id":436,"href":"https:\/\/natureplus-institute.eu\/index.php?rest_route=\/wp\/v2\/pages\/46\/revisions\/436"}],"wp:attachment":[{"href":"https:\/\/natureplus-institute.eu\/index.php?rest_route=%2Fwp%2Fv2%2Fmedia&parent=46"}],"curies":[{"name":"wp","href":"https:\/\/api.w.org\/{rel}","templated":true}]}}